{"id":3,"date":"2024-12-31T13:29:09","date_gmt":"2024-12-31T13:29:09","guid":{"rendered":"https:\/\/rk-trade.pro\/?page_id=3"},"modified":"2025-06-22T17:41:29","modified_gmt":"2025-06-22T17:41:29","slug":"privacy-policy","status":"publish","type":"page","link":"https:\/\/rk-trade.pro\/?page_id=3","title":{"rendered":"Politika zasebnosti"},"content":{"rendered":"\n<p>Za\u010detek veljavnosti politike: 31.12.2025<\/p>\n\n\n\n<h2 class=\"wp-block-heading\">Kdo smo mi&#8230;<\/h2>\n\n\n\n<p>Na\u0161a spletna stran je: https:\/\/rk-trade.pro<\/p>\n\n\n\n<h2 class=\"wp-block-heading\">Komentarji<\/h2>\n\n\n\n<p>Ko obiskovalci pustijo komentarje na spletnem mestu, zbiramo podatke, prikazane v obrazcu za komentarje, prav tako pa tudi IP naslov obiskovalca in niz uporabni\u0161kega agenta brskalnika za pomo\u010d pri odkrivanju ne\u017eelene po\u0161te.<\/p>\n\n\n\n<p>Anonimizirana niz, ustvarjen iz va\u0161e e-po\u0161tnega naslova (imenovan tudi hash), se lahko posreduje storitvi Gravatar, da se ugotovi, ali jo uporabljate. Politika zasebnosti storitve Gravatar je na voljo tukaj: https:\/\/automattic.com\/privacy\/. Po odobritvi va\u0161ega komentarja je va\u0161a profilna slika vidna javnosti v kontekstu va\u0161ega komentarja.<\/p>\n\n\n\n<h2 class=\"wp-block-heading\">Mediji<\/h2>\n\n\n\n<p>\u010ce nalagate slike na spletno stran, se izogibajte nalaganju slik z vgrajenimi podatki o lokaciji (EXIF GPS). Obiskovalci spletne strani lahko prenesejo in odvzamejo katerekoli podatke o lokaciji s slik na spletni strani.<\/p>\n\n\n\n<h2 class=\"wp-block-heading\">Pi\u0161kotki<\/h2>\n\n\n\n<p>\u010ce pustite komentar na na\u0161i strani, se lahko odlo\u010dite za shranjevanje svojega imena, e-po\u0161tnega naslova in spletnega mesta v pi\u0161kotkih. Ti so za va\u0161o udobje, da vam ni treba znova izpolnjevati svojih podatkov, ko pustite drug komentar. Ti pi\u0161kotki bodo trajali eno leto.<\/p>\n\n\n\n<p>\u010ce obi\u0161\u010dete na\u0161o stran za prijavo, bomo nastavili za\u010dasni pi\u0161kotek, da ugotovimo, ali va\u0161 brskalnik sprejema pi\u0161kotke. Ta pi\u0161kotek ne vsebuje osebnih podatkov in se izbri\u0161e, ko zaprete brskalnik.<\/p>\n\n\n\n<p>Ko se prijavite, bomo nastavili ve\u010d pi\u0161kotkov za shranjevanje va\u0161ih prijavnih informacij in izbire zaslona. Prijavni pi\u0161kotki veljajo dva dni, medtem ko pi\u0161kotki za mo\u017enosti zaslona veljajo eno leto. \u010ce izberete &#8220;Zapomni si me&#8221;, bo va\u0161a prijava obstajala dva tedna. \u010ce se odjavite iz svojega ra\u010duna, bodo prijavni pi\u0161kotki odstranjeni.<\/p>\n\n\n\n<p>\u010ce uredite ali objavite \u010dlanek, bo v va\u0161em brskalniku shranjen dodaten pi\u0161kotek. Ta pi\u0161kotek ne vsebuje osebnih podatkov in preprosto ozna\u010duje ID objave \u010dlanka, ki ste ga pravkar uredili. Potekel bo po 1 dnevu.<\/p>\n\n\n\n<h2 class=\"wp-block-heading\">Vdelana vsebina z drugih spletnih mest<\/h2>\n\n\n\n<p>\u010clanki na tej strani lahko vklju\u010dujejo vgrajeno vsebino (npr. videoposnetke, slike, \u010dlanke itd.). Vgrajena vsebina z drugih spletnih mest se obna\u0161a natan\u010dno tako, kot \u010de bi obiskovalec obiskal drugo spletno mesto.<\/p>\n\n\n\n<p>Te spletne strani lahko zbirajo podatke o vas, uporabljajo pi\u0161kotke, vklju\u010dujejo dodatno sledenje tretjih oseb in spremljajo va\u0161e interakcije s tem vstavljenim vsebinam, vklju\u010dno s sledenjem va\u0161im interakcijam z vstavljenimi vsebinami, \u010de imate ra\u010dun in ste prijavljeni na to spletno stran.<\/p>\n\n\n\n<h2 class=\"wp-block-heading\">S kom delimo va\u0161e podatke<\/h2>\n\n\n\n<p>\u010ce zahtevate ponastavitev gesla, bo va\u0161a IP-povezava vklju\u010dena v e-po\u0161to za ponastavitev.<\/p>\n\n\n\n<h2 class=\"wp-block-heading\">Kako dolgo hranimo va\u0161e podatke<\/h2>\n\n\n\n<p>\u010ce pustite komentar, se komentar in njegova metapodatki hranijo neomejeno. To je zato, da lahko samodejno prepoznamo in odobrim vse nadaljnje komentarje namesto, da jih zadr\u017eujemo v \u010dakalni vrsti za moderiranje.<\/p>\n\n\n\n<p>Za uporabnike, ki se registrirajo na na\u0161i spletni strani (\u010de sploh), shranjujemo tudi osebne informacije, ki jih posredujejo v svojem uporabni\u0161kem profilu. Vsi uporabniki lahko kadarkoli vidijo, uredijo ali izbri\u0161ejo svoje osebne informacije (razen spremembe uporabni\u0161kega imena ni mogo\u010de). Upravitelji spletne strani lahko prav tako vidijo in urejajo te informacije.<\/p>\n\n\n\n<h2 class=\"wp-block-heading\">Kak\u0161ne pravice imate glede svojih podatkov<\/h2>\n\n\n\n<p>\u010ce imate ra\u010dun na tej strani ali ste pustili komentarje, lahko zahtevate, da prejmete izvo\u017eeno datoteko osebnih podatkov, ki jih imamo o vas, vklju\u010dno z vsemi podatki, ki ste nam jih posredovali. Prav tako lahko zahtevate, da izbri\u0161emo vse osebne podatke, ki jih imamo o vas. To ne vklju\u010duje podatkov, ki jih moramo hraniti iz administrativnih, pravnih ali varnostnih razlogov.<\/p>\n\n\n\n<h2 class=\"wp-block-heading\">Kam so poslani va\u0161i podatki<\/h2>\n\n\n\n<p>Komentarji obiskovalcev se lahko preverijo preko avtomatizirane storitve za zaznavanje ne\u017eelene po\u0161te.<\/p>\n","protected":false},"excerpt":{"rendered":"<p>Za\u010detek veljavnosti politike: 31.12.2025 Kdo smo mi&#8230; Na\u0161a spletna stran je: https:\/\/rk-trade.pro Komentarji Ko obiskovalci pustijo komentarje na spletnem mestu, zbiramo podatke, prikazane v obrazcu za komentarje, prav tako pa tudi IP naslov obiskovalca in niz uporabni\u0161kega agenta brskalnika za pomo\u010d pri odkrivanju ne\u017eelene po\u0161te. Anonimizirana niz, ustvarjen iz va\u0161e e-po\u0161tnega naslova (imenovan tudi hash), [&hellip;]<\/p>\n","protected":false},"author":1,"featured_media":0,"parent":0,"menu_order":0,"comment_status":"closed","ping_status":"open","template":"","meta":{"footnotes":""},"class_list":["post-3","page","type-page","status-publish","hentry"],"brizy_media":[],"_links":{"self":[{"href":"https:\/\/rk-trade.pro\/index.php?rest_route=\/wp\/v2\/pages\/3","targetHints":{"allow":["GET"]}}],"collection":[{"href":"https:\/\/rk-trade.pro\/index.php?rest_route=\/wp\/v2\/pages"}],"about":[{"href":"https:\/\/rk-trade.pro\/index.php?rest_route=\/wp\/v2\/types\/page"}],"author":[{"embeddable":true,"href":"https:\/\/rk-trade.pro\/index.php?rest_route=\/wp\/v2\/users\/1"}],"replies":[{"embeddable":true,"href":"https:\/\/rk-trade.pro\/index.php?rest_route=%2Fwp%2Fv2%2Fcomments&post=3"}],"version-history":[{"count":1,"href":"https:\/\/rk-trade.pro\/index.php?rest_route=\/wp\/v2\/pages\/3\/revisions"}],"predecessor-version":[{"id":213,"href":"https:\/\/rk-trade.pro\/index.php?rest_route=\/wp\/v2\/pages\/3\/revisions\/213"}],"wp:attachment":[{"href":"https:\/\/rk-trade.pro\/index.php?rest_route=%2Fwp%2Fv2%2Fmedia&parent=3"}],"curies":[{"name":"wp","href":"https:\/\/api.w.org\/{rel}","templated":true}]}}